{"id":194,"date":"2023-03-19T14:54:51","date_gmt":"2023-03-19T14:54:51","guid":{"rendered":"https:\/\/association-transparents.org\/?page_id=194"},"modified":"2025-10-13T17:22:02","modified_gmt":"2025-10-13T17:22:02","slug":"statuts-association-transparents","status":"publish","type":"page","link":"https:\/\/association-transparents.org\/en\/statuts-association-transparents\/","title":{"rendered":"Statuts Association TransParents"},"content":{"rendered":"<p>[et_pb_section fb_built=\u00a0\u00bb1&Prime; _builder_version=\u00a0\u00bb4.20.2&Prime; _module_preset=\u00a0\u00bbdefault\u00a0\u00bb background_color=\u00a0\u00bb#EFF3FF\u00a0\u00bb global_colors_info=\u00a0\u00bb{}\u00a0\u00bb][et_pb_row _builder_version=\u00a0\u00bb4.20.2&Prime; _module_preset=\u00a0\u00bbdefault\u00a0\u00bb global_colors_info=\u00a0\u00bb{}\u00a0\u00bb][et_pb_column type=\u00a0\u00bb4_4&Prime; _builder_version=\u00a0\u00bb4.20.2&Prime; _module_preset=\u00a0\u00bbdefault\u00a0\u00bb global_colors_info=\u00a0\u00bb{}\u00a0\u00bb][et_pb_text _builder_version=\u00a0\u00bb4.27.4&Prime; _module_preset=\u00a0\u00bbdefault\u00a0\u00bb text_text_color=\u00a0\u00bb#bc0019&Prime; text_font_size=\u00a0\u00bb20px\u00a0\u00bb text_line_height=\u00a0\u00bb2em\u00a0\u00bb header_font=\u00a0\u00bbNoto Sans HK|900|||||||\u00a0\u00bb header_text_color=\u00a0\u00bb#000000&Prime; header_font_size=\u00a0\u00bb80px\u00a0\u00bb header_2_text_color=\u00a0\u00bb#000000&Prime; header_2_line_height=\u00a0\u00bb1.2em\u00a0\u00bb hover_enabled=\u00a0\u00bb0&Prime; text_font_size_tablet=\u00a0\u00bb20px\u00a0\u00bb text_font_size_phone=\u00a0\u00bb12px\u00a0\u00bb text_font_size_last_edited=\u00a0\u00bbon|phone\u00a0\u00bb header_font_size_tablet=\u00a0\u00bb80px\u00a0\u00bb header_font_size_phone=\u00a0\u00bb40px\u00a0\u00bb header_font_size_last_edited=\u00a0\u00bbon|phone\u00a0\u00bb header_line_height_tablet=\u00a0\u00bb\u00a0\u00bb header_line_height_phone=\u00a0\u00bb1em\u00a0\u00bb header_line_height_last_edited=\u00a0\u00bbon|phone\u00a0\u00bb header_2_font_size_tablet=\u00a0\u00bb\u00a0\u00bb header_2_font_size_phone=\u00a0\u00bb30px\u00a0\u00bb header_2_font_size_last_edited=\u00a0\u00bbon|phone\u00a0\u00bb header_2_letter_spacing_tablet=\u00a0\u00bb\u00a0\u00bb header_2_letter_spacing_phone=\u00a0\u00bb0px\u00a0\u00bb header_2_letter_spacing_last_edited=\u00a0\u00bbon|phone\u00a0\u00bb header_2_line_height_tablet=\u00a0\u00bb1.2em\u00a0\u00bb header_2_line_height_phone=\u00a0\u00bb1em\u00a0\u00bb header_2_line_height_last_edited=\u00a0\u00bbon|phone\u00a0\u00bb locked=\u00a0\u00bboff\u00a0\u00bb global_colors_info=\u00a0\u00bb{}\u00a0\u00bb sticky_enabled=\u00a0\u00bb0&Prime;]<\/p>\n<h1>Association<br \/>\nTransParents<br \/>\nGen\u00e8ve<\/h1>\n<h2>Statuts de l&rsquo;association &#8211; Juin 2025<\/h2>\n<p>[\/et_pb_text][et_pb_text _builder_version=\u00a0\u00bb4.27.4&Prime; _module_preset=\u00a0\u00bbdefault\u00a0\u00bb header_3_font_size=\u00a0\u00bb26px\u00a0\u00bb custom_margin=\u00a0\u00bb||5%||false|false\u00a0\u00bb custom_margin_tablet=\u00a0\u00bb||5%||false|false\u00a0\u00bb custom_margin_phone=\u00a0\u00bb||15%||false|false\u00a0\u00bb custom_margin_last_edited=\u00a0\u00bbon|phone\u00a0\u00bb animation_style=\u00a0\u00bbslide\u00a0\u00bb animation_direction=\u00a0\u00bbbottom\u00a0\u00bb animation_intensity_slide=\u00a0\u00bb3%\u00a0\u00bb hover_enabled=\u00a0\u00bb0&Prime; global_colors_info=\u00a0\u00bb{}\u00a0\u00bb sticky_enabled=\u00a0\u00bb0&Prime;]<\/p>\n<h3><strong>Forme Juridique, but et si\u00e8ge<\/strong><\/h3>\n<p>Art. 1<br \/>Sous le nom \u00ab Association TransParents Gen\u00e8ve \u00bb il est cr\u00e9\u00e9 une Association \u00e0 but non lucratif r\u00e9gie par les pr\u00e9sents statuts et par les articles 60 et suivants du Code civil suisse. Sa dur\u00e9e est illimit\u00e9e.<\/p>\n<p>Art. 2<br \/>L\u2019Association r\u00e9unit parents et proches de personnes transgenres, non-binaires ou en questionnement d\u2019identit\u00e9 de genre. L\u2019association a pour but la sensibilisation de l\u2019opinion publique, des m\u00e9dias et autres organismes publics et priv\u00e9s sur les sujets de la transidentit\u00e9 et de l\u2019identit\u00e9 de genre dans un esprit de bienveillance.<br \/>Pour atteindre ce but, l\u2019association d\u00e9veloppe notamment :<\/p>\n<ul>\n<li>le partage d\u2019informations pertinentes sur les sujets de la transidentit\u00e9 et de l\u2019identit\u00e9 de genre ;<\/li>\n<li>le soutien aux organisations et institutions avec lesquelles elle partage les actions et objectifs ;<\/li>\n<li>toute activit\u00e9 licite propre \u00e0 atteindre son but.<\/li>\n<\/ul>\n<p>Art. 3<br \/>L\u2019Association a son si\u00e8ge dans le canton de Gen\u00e8ve.<\/p>\n<h3><strong>Organisation<\/strong><\/h3>\n<p>Art. 4<br \/>Les organes de l\u2019Association sont :<\/p>\n<ul>\n<li>l\u2019Assembl\u00e9e g\u00e9n\u00e9rale ;<\/li>\n<li>le Comit\u00e9 ;<\/li>\n<li>l\u2019Organe de contr\u00f4le des comptes selon d\u00e9cision de l\u2019assembl\u00e9e g\u00e9n\u00e9rale.<\/li>\n<\/ul>\n<p>Art. 5<br \/>Les ressources de l\u2019Association sont constitu\u00e9es par les cotisations ordinaires ou extraordinaires de ses membres, des dons, ou legs, par des produits des activit\u00e9s de l\u2019Association et, le cas \u00e9ch\u00e9ant, par des subventions des pouvoirs publics.<br \/>L\u2019exercice social commence le 1er janvier et se termine le 31 d\u00e9cembre de chaque ann\u00e9e.<\/p>\n<p>Ses engagements sont garantis par ses biens, \u00e0 l\u2019exclusion de toute responsabilit\u00e9 personnelle de ses membres.<\/p>\n<h3><strong>Membres<\/strong><\/h3>\n<p>Art. 6<br \/>Peuvent \u00eatre membres toutes les personnes parentes ou proches de personnes transgenres, non-binaires ou en questionnement d\u2019identit\u00e9 de genre, ainsi que les organismes int\u00e9ress\u00e9s \u00e0 la r\u00e9alisation des objectifs fix\u00e9s par l\u2019art. 2.<\/p>\n<p>Art.7.<br \/>Les membres souscrivent \u00e0 la charte de l\u2019association. Ils s\u2019engagent \u00e0 respecter la confidentialit\u00e9 des informations partag\u00e9es au sein de l\u2019association et respectent la vie priv\u00e9e des autres membres.<\/p>\n<p>Art. 8<br \/>Les demandes d\u2019admission sont adress\u00e9es au Comit\u00e9. Le Comit\u00e9 admet les nouveaux membres et en informe l\u2019Assembl\u00e9e g\u00e9n\u00e9rale.<\/p>\n<p>Art. 9<br \/>La qualit\u00e9 de membre se perd :<\/p>\n<ol>\n<li>par la d\u00e9mission. Dans tous les cas la cotisation de l\u2019ann\u00e9e reste due.<\/li>\n<li>par l\u2019exclusion, si un membre porte pr\u00e9judice \u00e0 l\u2019association et \u00e0 son image, \u00e0 sa r\u00e9putation et \u00e0 ses int\u00e9r\u00eats. Le non-paiement r\u00e9p\u00e9t\u00e9 des cotisations entra\u00eene \u00e9galement l\u2019exclusion.<\/li>\n<\/ol>\n<p>L\u2019exclusion est du ressort du Comit\u00e9. La personne concern\u00e9e peut recourir contre cette d\u00e9cision devant l\u2019Assembl\u00e9e g\u00e9n\u00e9rale.<\/p>\n<h3><strong>Assembl\u00e9e g\u00e9n\u00e9rale<\/strong><\/h3>\n<p>Art. 10<br \/>L\u2019Assembl\u00e9e g\u00e9n\u00e9rale est le pouvoir supr\u00eame de l\u2019Association. Elle comprend tous les membres de celle-ci.<\/p>\n<p>Art. 11<br \/>Les comp\u00e9tences de l\u2019Assembl\u00e9e g\u00e9n\u00e9rale sont les suivantes, elle :<\/p>\n<ul>\n<li>adopte l\u2019ordre du jour de l\u2019assembl\u00e9e et approuve le proc\u00e8s-verbal de la derni\u00e8re assembl\u00e9e.<\/li>\n<li>prend connaissance des rapports, des comptes de l\u2019exercice et du budget et vote leur approbation.<\/li>\n<li>donne d\u00e9charge de leur mandat au Comit\u00e9 et \u00e0 l\u2019Organe de contr\u00f4le des comptes.<\/li>\n<li>nomme les membres du Comit\u00e9 et d\u00e9signe un Organe de contr\u00f4le des comptes.<\/li>\n<li>adopte et modifie les statuts.<\/li>\n<li>entend et traite les recours d\u2019exclusion.<\/li>\n<li>fixe le ou les montant\u00b7s de cotisation annuelle des membres.<\/li>\n<li>prend position sur les autres projets port\u00e9s \u00e0 l\u2019ordre du jour.<\/li>\n<\/ul>\n<p>L\u2019Assembl\u00e9e g\u00e9n\u00e9rale peut saisir ou \u00eatre saisie de tout objet qu\u2019elle n\u2019a pas confi\u00e9 \u00e0 un autre organe.<\/p>\n<p>Art. 12<br \/>L\u2019Assembl\u00e9e g\u00e9n\u00e9rale se r\u00e9unit au moins une fois par an sur convocation du Comit\u00e9.<br \/>Le Comit\u00e9 peut convoquer des assembl\u00e9es g\u00e9n\u00e9rales extraordinaires aussi souvent que le besoin s\u2019en fait sentir. L\u2019Assembl\u00e9e g\u00e9n\u00e9rale extraordinaire se r\u00e9unit \u00e9galement \u00e0 la demande d\u2019au moins un cinqui\u00e8me des membres de l\u2019Association.<\/p>\n<p>Art. 13<br \/>Les assembl\u00e9es sont convoqu\u00e9es un mois \u00e0 l\u2019avance par le Comit\u00e9. La convocation est adress\u00e9e par courrier \u00e9crit ou \u00e9lectronique et comprend l\u2019ordre du jour de l\u2019assembl\u00e9e.<\/p>\n<p>Art. 14<br \/>Le Comit\u00e9 est tenu de porter \u00e0 l\u2019ordre du jour de l\u2019Assembl\u00e9e g\u00e9n\u00e9rale (ordinaire ou extraordinaire) toute proposition d\u2019un membre pr\u00e9sent\u00e9e par courrier postal ou \u00e9lectronique au moins 10 jours calendaires \u00e0 l\u2019avance.<\/p>\n<p>Art. 15<br \/>L\u2019assembl\u00e9e est pr\u00e9sid\u00e9e par une copr\u00e9sidence de deux personnes de l\u2019association ou par un autre membre propos\u00e9 par le Comit\u00e9.<\/p>\n<p>La ou le Secr\u00e9taire de l\u2019Association ou un autre membre du comit\u00e9 tient le proc\u00e8s-verbal de l\u2019Assembl\u00e9e ; il le signe avec\u00a0les personnes\u00a0ayant pr\u00e9sid\u00e9 l\u2019assembl\u00e9e.<\/p>\n<p>Art. 16<br \/>Les d\u00e9cisions de l\u2019Assembl\u00e9e g\u00e9n\u00e9rale sont prises \u00e0 la majorit\u00e9 simple des voix exprim\u00e9es, sans tenir compte des abstentions et d\u2019\u00e9ventuels bulletins nuls. En cas d\u2019\u00e9galit\u00e9 des voix, un nouveau vote est n\u00e9cessaire.<\/p>\n<p>Les d\u00e9cisions relatives \u00e0 la modification des statuts ne peuvent \u00eatre prises qu\u2019\u00e0 la majorit\u00e9 des 2\/3 des membres pr\u00e9sents et repr\u00e9sent\u00e9s.<\/p>\n<p>Art. 17<br \/>Les votations ont lieu \u00e0 main lev\u00e9e. \u00c0 la demande de 5 membres au moins, elles auront lieu au scrutin secret. Les membres absents ont la possibilit\u00e9 de donner procuration \u00e0 l\u2019un des membres de l\u2019Association. Toutefois le membre repr\u00e9sentant ne peut recevoir plus de deux procurations.<\/p>\n<h3><strong>Comit\u00e9<\/strong><\/h3>\n<p>Art. 18<br \/>Le Comit\u00e9 ex\u00e9cute et applique les d\u00e9cisions de l\u2019Assembl\u00e9e g\u00e9n\u00e9rale. Il conduit l\u2019Association et prend toutes les mesures utiles pour que le but fix\u00e9 soit atteint. Le Comit\u00e9 statue sur tous les points qui ne sont pas express\u00e9ment r\u00e9serv\u00e9s \u00e0 l\u2019Assembl\u00e9e g\u00e9n\u00e9rale.<\/p>\n<p>Art. 19<br \/>Le Comit\u00e9 se compose au minimum de deux membres, nomm\u00e9s pour deux ans par l\u2019Assembl\u00e9e g\u00e9n\u00e9rale et r\u00e9\u00e9ligibles. Au moins un membre du Comit\u00e9, avec pouvoir de signature, est un.e citoyen.ne suisse ou citoyen.ne d\u2019un Etat membre de l\u2019UE ou AELE et r\u00e9sident.e en Suisse.<\/p>\n<p>Art. 20<br \/>Le Comit\u00e9 se constitue lui-m\u00eame. La prise de d\u00e9cision se fait par voie \u00e9crite ou \u00e9lectronique pour autant qu\u2019aucun membre du comit\u00e9 ne demande une d\u00e9lib\u00e9ration orale. Le cas \u00e9ch\u00e9ant, et \u00e0 d\u00e9faut d\u2019un consentement, les d\u00e9cisions sont prises \u00e0 la majorit\u00e9 simple des membres pr\u00e9sents.<\/p>\n<p>Art. 21<br \/>En cas de vacance en cours de mandat, le Comit\u00e9 peut se compl\u00e9ter par cooptation jusqu\u2019\u00e0 la prochaine assembl\u00e9e g\u00e9n\u00e9rale.<\/p>\n<p>Art. 22<br \/>L\u2019Association est valablement engag\u00e9e par la signature collective de deux membres du Comit\u00e9.<\/p>\n<p>Art. 23<br \/>Le Comit\u00e9 a la charge :<\/p>\n<ul>\n<li>de prendre les mesures utiles pour atteindre les objectifs vis\u00e9s;<\/li>\n<li>de convoquer les assembl\u00e9es g\u00e9n\u00e9rales ordinaires et extraordinaires ;<\/li>\n<li>de prendre les d\u00e9cisions relatives \u00e0 l\u2019admission et l\u2019\u00e9ventuelle exclusion des membres ;<\/li>\n<li>de veiller \u00e0 l\u2019application des statuts, de r\u00e9diger les r\u00e8glements et d\u2019administrer les biens de l\u2019Association.<\/li>\n<li>de tenir les comptes de l\u2019Association.<\/li>\n<\/ul>\n<p>Art. 24<br \/>Le Comit\u00e9 engage (licencie) les collaboratrices et collaborateurs salari\u00e9s et b\u00e9n\u00e9voles de l\u2019Association. Il peut confier \u00e0 toute personne de l\u2019Association ou ext\u00e9rieure \u00e0 celle-ci un mandat limit\u00e9 dans le temps.<\/p>\n<p>Les membres du Comit\u00e9 de l\u2019association travaillent de mani\u00e8re b\u00e9n\u00e9vole, sous r\u00e9serve du remboursement de leurs frais effectifs.<\/p>\n<p>&nbsp;<\/p>\n<h3><strong>Organe de contr\u00f4le<\/strong><\/h3>\n<p>Art. 25<br \/>L\u2019organe de contr\u00f4le des comptes v\u00e9rifie la gestion financi\u00e8re de l\u2019Association et pr\u00e9sente un rapport \u00e0 l\u2019Assembl\u00e9e g\u00e9n\u00e9rale. Il est d\u00e9sign\u00e9 par l\u2019Assembl\u00e9e g\u00e9n\u00e9rale, en dehors des membres du comit\u00e9.<\/p>\n<p><strong>\u00a0<\/strong><strong style=\"font-size: 14px;\">\u00a0<\/strong><\/p>\n<h3><strong>Dissolution<\/strong><\/h3>\n<p>Art. 26<\/p>\n<p>En cas de dissolution de l&rsquo;association, l&rsquo;actif disponible sera enti\u00e8rement attribu\u00e9 \u00e0 une autre institution suivant un but d&rsquo;int\u00e9r\u00eat public analogue \u00e0 l&rsquo;association et b\u00e9n\u00e9ficiant de l&rsquo;exon\u00e9ration d&rsquo;imp\u00f4t. En aucun cas, les biens ne pourront retourner aux fondateurs physiques ou aux membres, ni \u00eatre utilis\u00e9s \u00e0 leur profit en tout ou en partie et de quelque mani\u00e8re que ce soit.<\/p>\n<p>&nbsp;<\/p>\n<p>Les pr\u00e9sents statuts ont \u00e9t\u00e9 adopt\u00e9s par l&rsquo;Assembl\u00e9e G\u00e9n\u00e9rale du\u00a0 2 juin 2025. Ils remplacent les statuts\u00a0 adopt\u00e9s en assembl\u00e9e constitutive en date du\u00a0 28 mai 2024.<\/p>\n<p>[\/et_pb_text][\/et_pb_column][\/et_pb_row][\/et_pb_section]<\/p>\n","protected":false},"excerpt":{"rendered":"<p>Association TransParents Gen\u00e8ve Statuts de l&rsquo;association &#8211; Juin 2025Forme Juridique, but et si\u00e8ge Art. 1Sous le nom \u00ab Association TransParents Gen\u00e8ve \u00bb il est cr\u00e9\u00e9 une Association \u00e0 but non lucratif r\u00e9gie par les pr\u00e9sents statuts et par les articles 60 et suivants du Code civil suisse. Sa dur\u00e9e est illimit\u00e9e. Art. 2L\u2019Association r\u00e9unit parents [&hellip;]<\/p>\n","protected":false},"author":1,"featured_media":0,"parent":0,"menu_order":0,"comment_status":"closed","ping_status":"closed","template":"","meta":{"_et_pb_use_builder":"on","_et_pb_old_content":"","_et_gb_content_width":"","footnotes":""},"class_list":["post-194","page","type-page","status-publish","hentry"],"jetpack_sharing_enabled":true,"_links":{"self":[{"href":"https:\/\/association-transparents.org\/en\/wp-json\/wp\/v2\/pages\/194","targetHints":{"allow":["GET"]}}],"collection":[{"href":"https:\/\/association-transparents.org\/en\/wp-json\/wp\/v2\/pages"}],"about":[{"href":"https:\/\/association-transparents.org\/en\/wp-json\/wp\/v2\/types\/page"}],"author":[{"embeddable":true,"href":"https:\/\/association-transparents.org\/en\/wp-json\/wp\/v2\/users\/1"}],"replies":[{"embeddable":true,"href":"https:\/\/association-transparents.org\/en\/wp-json\/wp\/v2\/comments?post=194"}],"version-history":[{"count":8,"href":"https:\/\/association-transparents.org\/en\/wp-json\/wp\/v2\/pages\/194\/revisions"}],"predecessor-version":[{"id":2010,"href":"https:\/\/association-transparents.org\/en\/wp-json\/wp\/v2\/pages\/194\/revisions\/2010"}],"wp:attachment":[{"href":"https:\/\/association-transparents.org\/en\/wp-json\/wp\/v2\/media?parent=194"}],"curies":[{"name":"wp","href":"https:\/\/api.w.org\/{rel}","templated":true}]}}